{"id":9,"date":"2013-04-23T15:11:48","date_gmt":"2013-04-23T15:11:48","guid":{"rendered":"http:\/\/mekanisk.dk\/?page_id=9"},"modified":"2017-07-02T10:47:42","modified_gmt":"2017-07-02T10:47:42","slug":"galleri","status":"publish","type":"page","link":"https:\/\/mekanisk.dk\/?page_id=9","title":{"rendered":"Galleri"},"content":{"rendered":"<p><a title=\"Bl\u00e6semaksine\" href=\"http:\/\/mekanisk.dk\/?page_id=35\">Bl\u00e6smaskine<\/a><\/p>\n<p><a title=\"Fr\u00e6ser\" href=\"http:\/\/mekanisk.dk\/?page_id=41\">Fr\u00e6ser<\/a><\/p>\n<p><a title=\"Havel\u00e5ge\" href=\"http:\/\/mekanisk.dk\/?page_id=46\">Havel\u00e5ge<\/a><\/p>\n<p><a title=\"Kasse\" href=\"http:\/\/mekanisk.dk\/?page_id=64\">Kasse<\/a><\/p>\n<p><a title=\"Klippemaskine\" href=\"http:\/\/mekanisk.dk\/?page_id=72\">Klippemaskine<\/a><\/p>\n<p><a title=\"L\u00f8fte\u00e5\" href=\"http:\/\/mekanisk.dk\/?page_id=107\">L\u00f8fte\u00e5<\/a><\/p>\n<p><a title=\"Oliefyr P\u00e5 B\u00e5d\" href=\"http:\/\/mekanisk.dk\/?page_id=119\">Oliefyr p\u00e5 b\u00e5d<\/a><\/p>\n<p><a title=\"Ring Maskine\" href=\"http:\/\/mekanisk.dk\/?page_id=124\">Ring Maskine<\/a><\/p>\n<p><a title=\"Smedejerns L\u00e5ge\" href=\"http:\/\/mekanisk.dk\/?page_id=137\">Smedejerns L\u00e5ge<\/a><\/p>\n<p><a title=\"Trappe\" href=\"http:\/\/mekanisk.dk\/?page_id=142\">Trappe<\/a><\/p>\n<p><a title=\"Ny Trappe\" href=\"http:\/\/mekanisk.dk\/?page_id=181\">\u00a0Ny Trappe p\u00e5 1.5 tons<\/a><\/p>\n","protected":false},"excerpt":{"rendered":"<p>Bl\u00e6smaskine Fr\u00e6ser Havel\u00e5ge Kasse Klippemaskine L\u00f8fte\u00e5 Oliefyr p\u00e5 b\u00e5d Ring Maskine Smedejerns L\u00e5ge Trappe \u00a0Ny Trappe p\u00e5 1.5 tons<\/p>\n","protected":false},"author":1,"featured_media":0,"parent":0,"menu_order":0,"comment_status":"closed","ping_status":"open","template":"","meta":{"_exactmetrics_skip_tracking":false,"_exactmetrics_sitenote_active":false,"_exactmetrics_sitenote_note":"","_exactmetrics_sitenote_category":0,"ngg_post_thumbnail":0,"footnotes":""},"class_list":["post-9","page","type-page","status-publish","hentry"],"_links":{"self":[{"href":"https:\/\/mekanisk.dk\/index.php?rest_route=\/wp\/v2\/pages\/9","targetHints":{"allow":["GET"]}}],"collection":[{"href":"https:\/\/mekanisk.dk\/index.php?rest_route=\/wp\/v2\/pages"}],"about":[{"href":"https:\/\/mekanisk.dk\/index.php?rest_route=\/wp\/v2\/types\/page"}],"author":[{"embeddable":true,"href":"https:\/\/mekanisk.dk\/index.php?rest_route=\/wp\/v2\/users\/1"}],"replies":[{"embeddable":true,"href":"https:\/\/mekanisk.dk\/index.php?rest_route=%2Fwp%2Fv2%2Fcomments&post=9"}],"version-history":[{"count":9,"href":"https:\/\/mekanisk.dk\/index.php?rest_route=\/wp\/v2\/pages\/9\/revisions"}],"predecessor-version":[{"id":183,"href":"https:\/\/mekanisk.dk\/index.php?rest_route=\/wp\/v2\/pages\/9\/revisions\/183"}],"wp:attachment":[{"href":"https:\/\/mekanisk.dk\/index.php?rest_route=%2Fwp%2Fv2%2Fmedia&parent=9"}],"curies":[{"name":"wp","href":"https:\/\/api.w.org\/{rel}","templated":true}]}}